{"id":79,"date":"2019-11-11T18:48:42","date_gmt":"2019-11-11T17:48:42","guid":{"rendered":"http:\/\/localhost\/basewp\/?page_id=79"},"modified":"2026-02-04T10:30:19","modified_gmt":"2026-02-04T09:30:19","slug":"service","status":"publish","type":"page","link":"https:\/\/viennabase.at\/en\/service\/","title":{"rendered":"Service"},"content":{"rendered":"<p class=\"padding-top-50\">If you have any questions or concerns about your room, your next accommodation fee, or the modalities of moving in or out, then please take a look at our FAQs. There, you will find simple answers to the most frequent questions, and since it\u2019s online, you can get your answer quickly, even at night or on weekends. <br><\/p>\n\n\n\n<p><br><\/p>\n\n\n\n<p class=\"padding-top-50\"><strong>Available in person<\/strong> on the following days <\/p>\n\n\n\n<p><br><\/p>\n\n\n\n<p><strong>Viennabase11<\/strong> (Medwedweg 3, 1110 Vienna)<br>Tuesdays 2-4 pm<br>Wednesdays 11 am \u2013 1 pm<br><br><strong>Viennabase19<\/strong> (Gymnasiumstra\u00dfe 85, 1190 Vienna)<br>Mondays 9-11 am<br>Wednesdays 2-4 pm<br>Thursdays 9-11 am<br><br><strong>Viennabase22<\/strong> (Adelheid-Popp-Gasse 24, 1220 Vienna)<br>Mondays 2-4 pm<br>Wednesdays 10-12 am<br><br><strong>Viennabasedonau<\/strong> (Kaiserm\u00fchlenstra\u00dfe 14, 1220 Vienna)<br>Mondays 10 am -12:30 pm<br>Tuesdays 12-2 pm<\/p>\n\n\n\n<p>Wednesdays  10 am -12:30 pm<br>Fridays 10 am-12:30 pm<\/p>\n\n\n\n<p><\/p>\n\n\n\n<p class=\"margin-top-50 has-vivid-red-color has-text-color\"><strong>Please note that there is no front office service on the first and last working day of the month.<\/strong> <strong>Only move-ins and move-outs take place on these days. <\/strong><\/p>\n\n\n\n<p><\/p>\n\n\n\n<p class=\"margin-top-50 has-vivid-red-color has-text-color\"><\/p>\n\n\n\n<p class=\"margin-top-50\"><strong>You can reach our student service by phone Monday to Friday from 9 am - 12 noon<\/strong> .<br><\/p>\n\n\n\n<p><br><strong>You can contact us in writing<\/strong> via your <a href=\"https:\/\/mybase.viennabase.at\/ipack4\/#maintenance\/message\">     mybase platform <\/a> .<\/p>\n\n\n\n<p><\/p>\n\n\n\n<p><\/p>\n\n\n\n<p class=\"margin-top-50\">If you have any technical questions, please contact our technical team immediately - <a href=\"https:\/\/mybase.viennabase.at\/ipack4\/#maintenance\/message\/#maintenance\/message\"><br>    Send message<br><\/a>- This way, your request can be dealt with quickly.<\/p>\n\n\n\n<figure class=\"wp-block-image size-large margin-top-50\"><img loading=\"lazy\" decoding=\"async\" width=\"1024\" height=\"491\" src=\"https:\/\/viennabase.at\/wp-content\/uploads\/2020\/03\/Base19_48-b....-1024x491.jpg\" alt=\"\" class=\"wp-image-943\" srcset=\"https:\/\/viennabase.at\/wp-content\/uploads\/2020\/03\/Base19_48-b....-1024x491.jpg 1024w, https:\/\/viennabase.at\/wp-content\/uploads\/2020\/03\/Base19_48-b....-300x144.jpg 300w, https:\/\/viennabase.at\/wp-content\/uploads\/2020\/03\/Base19_48-b....-768x369.jpg 768w, https:\/\/viennabase.at\/wp-content\/uploads\/2020\/03\/Base19_48-b....-1536x737.jpg 1536w, https:\/\/viennabase.at\/wp-content\/uploads\/2020\/03\/Base19_48-b....-2048x983.jpg 2048w\" sizes=\"auto, (max-width: 1024px) 100vw, 1024px\" \/><\/figure>\n\n\n\n<p class=\"margin-top-50\">Here you can find all necessary downloads for your stay in our student dormitories: <\/p>\n\n\n\n<div class=\"wp-block-columns is-layout-flex wp-container-core-columns-is-layout-9d6595d7 wp-block-columns-is-layout-flex\">\n<div class=\"wp-block-column is-layout-flow wp-block-column-is-layout-flow\">\n<p class=\"margin-top-50\"><strong>Admission guidelines<\/strong><\/p>\n<\/div>\n\n\n\n<div class=\"wp-block-column is-layout-flow wp-block-column-is-layout-flow\">\n<p class=\"margin-top-50\"><strong>Guidelines for acceptance<\/strong><\/p>\n<\/div>\n<\/div>\n\n\n\n<div class=\"wp-block-columns is-layout-flex wp-container-core-columns-is-layout-9d6595d7 wp-block-columns-is-layout-flex\">\n<div class=\"wp-block-column is-layout-flow wp-block-column-is-layout-flow\">\n<div data-wp-interactive=\"core\/file\" class=\"wp-block-file\"><object data-wp-bind--hidden=\"!state.hasPdfPreview\" hidden class=\"wp-block-file__embed\" data=\"https:\/\/viennabase.at\/wp-content\/uploads\/2023\/10\/Aufnahmerichtlinien.pdf\" type=\"application\/pdf\" style=\"width:100%;height:600px\" aria-label=\"Embed of Aufnahmerichtlinien.\"><\/object><a id=\"wp-block-file--media-bd6cec9c-a8c2-496b-acaf-8df32aa58fc0\" href=\"https:\/\/viennabase.at\/wp-content\/uploads\/2023\/10\/Aufnahmerichtlinien.pdf\">Admission guidelines<\/a><a href=\"https:\/\/viennabase.at\/wp-content\/uploads\/2023\/10\/Aufnahmerichtlinien.pdf\" class=\"wp-block-file__button wp-element-button\" download aria-describedby=\"wp-block-file--media-bd6cec9c-a8c2-496b-acaf-8df32aa58fc0\">Download<\/a><\/div>\n<\/div>\n\n\n\n<div class=\"wp-block-column is-layout-flow wp-block-column-is-layout-flow\">\n<div data-wp-interactive=\"core\/file\" class=\"wp-block-file\"><object data-wp-bind--hidden=\"!state.hasPdfPreview\" hidden class=\"wp-block-file__embed\" data=\"https:\/\/viennabase.at\/wp-content\/uploads\/2023\/10\/Guidelines-for-acceptance.pdf\" type=\"application\/pdf\" style=\"width:100%;height:600px\" aria-label=\"Embed of Guidelines for acceptance.\"><\/object><a id=\"wp-block-file--media-7c91f6ad-ff18-4c20-a606-18da4c426d21\" href=\"https:\/\/viennabase.at\/wp-content\/uploads\/2023\/10\/Guidelines-for-acceptance.pdf\">Guidelines for acceptance<\/a><a href=\"https:\/\/viennabase.at\/wp-content\/uploads\/2023\/10\/Guidelines-for-acceptance.pdf\" class=\"wp-block-file__button wp-element-button\" download aria-describedby=\"wp-block-file--media-7c91f6ad-ff18-4c20-a606-18da4c426d21\">Download<\/a><\/div>\n<\/div>\n<\/div>\n\n\n\n<div class=\"wp-block-columns is-layout-flex wp-container-core-columns-is-layout-9d6595d7 wp-block-columns-is-layout-flex\">\n<div class=\"wp-block-column is-layout-flow wp-block-column-is-layout-flow\">\n<p><strong>Home statute<\/strong><\/p>\n<\/div>\n\n\n\n<div class=\"wp-block-column is-layout-flow wp-block-column-is-layout-flow\">\n<p><strong>Home statute<\/strong><\/p>\n<\/div>\n<\/div>\n\n\n\n<div class=\"wp-block-columns is-layout-flex wp-container-core-columns-is-layout-9d6595d7 wp-block-columns-is-layout-flex\">\n<div class=\"wp-block-column is-layout-flow wp-block-column-is-layout-flow\">\n<div data-wp-interactive=\"core\/file\" class=\"wp-block-file\"><object data-wp-bind--hidden=\"!state.hasPdfPreview\" hidden class=\"wp-block-file__embed\" data=\"https:\/\/viennabase.at\/wp-content\/uploads\/2024\/01\/Heimstatut_DE-1.pdf\" type=\"application\/pdf\" style=\"width:100%;height:600px\" aria-label=\"Embed of Heimstatut_DE.\"><\/object><a id=\"wp-block-file--media-b743d713-398a-4b13-b473-d891403528de\" href=\"https:\/\/viennabase.at\/wp-content\/uploads\/2024\/01\/Heimstatut_DE-1.pdf\">Home statute_EN<\/a><a href=\"https:\/\/viennabase.at\/wp-content\/uploads\/2024\/01\/Heimstatut_DE-1.pdf\" class=\"wp-block-file__button wp-element-button\" download aria-describedby=\"wp-block-file--media-b743d713-398a-4b13-b473-d891403528de\">Download<\/a><\/div>\n<\/div>\n\n\n\n<div class=\"wp-block-column is-layout-flow wp-block-column-is-layout-flow\">\n<div data-wp-interactive=\"core\/file\" class=\"wp-block-file\"><object data-wp-bind--hidden=\"!state.hasPdfPreview\" hidden class=\"wp-block-file__embed\" data=\"https:\/\/viennabase.at\/wp-content\/uploads\/2024\/01\/Heimstatut_EN-1.pdf\" type=\"application\/pdf\" style=\"width:100%;height:600px\" aria-label=\"Embed of Heimstatut_EN.\"><\/object><a id=\"wp-block-file--media-6e1de8bc-70c0-4311-9e35-1166c130e2c3\" href=\"https:\/\/viennabase.at\/wp-content\/uploads\/2024\/01\/Heimstatut_EN-1.pdf\">Home_statute_EN<\/a><a href=\"https:\/\/viennabase.at\/wp-content\/uploads\/2024\/01\/Heimstatut_EN-1.pdf\" class=\"wp-block-file__button wp-element-button\" download aria-describedby=\"wp-block-file--media-6e1de8bc-70c0-4311-9e35-1166c130e2c3\">Download<\/a><\/div>\n\n\n\n<p><\/p>\n<\/div>\n<\/div>\n\n\n\n<div class=\"wp-block-columns is-layout-flex wp-container-core-columns-is-layout-9d6595d7 wp-block-columns-is-layout-flex\">\n<div class=\"wp-block-column is-layout-flow wp-block-column-is-layout-flow\">\n<p><strong>Fire safety regulations<\/strong><\/p>\n<\/div>\n\n\n\n<div class=\"wp-block-column is-layout-flow wp-block-column-is-layout-flow\">\n<p><strong>Fire safety regulations<\/strong><\/p>\n<\/div>\n<\/div>\n\n\n\n<div class=\"wp-block-columns is-layout-flex wp-container-core-columns-is-layout-9d6595d7 wp-block-columns-is-layout-flex\">\n<div class=\"wp-block-column is-layout-flow wp-block-column-is-layout-flow\">\n<div class=\"wp-block-file\"><a id=\"wp-block-file--media-df7653c7-1084-484c-91ef-5be26be3f67b\" href=\"https:\/\/viennabase.at\/wp-content\/uploads\/2020\/08\/Brandschutzordnung_Viennabase11.pdf\">Fire protection regulations_Viennabase11<\/a><a href=\"https:\/\/viennabase.at\/wp-content\/uploads\/2020\/08\/Brandschutzordnung_Viennabase11.pdf\" class=\"wp-block-file__button wp-element-button\" download aria-describedby=\"wp-block-file--media-df7653c7-1084-484c-91ef-5be26be3f67b\">Download<\/a><\/div>\n\n\n\n<div class=\"wp-block-file\"><a id=\"wp-block-file--media-83ed2397-c1ca-4707-8a04-74c6a2e0640f\" href=\"https:\/\/viennabase.at\/wp-content\/uploads\/2020\/08\/Brandschutzordnung_Viennabase19.pdf\">Fire protection regulations_Viennabase19<\/a><a href=\"https:\/\/viennabase.at\/wp-content\/uploads\/2020\/08\/Brandschutzordnung_Viennabase19.pdf\" class=\"wp-block-file__button wp-element-button\" download aria-describedby=\"wp-block-file--media-83ed2397-c1ca-4707-8a04-74c6a2e0640f\">Download<\/a><\/div>\n\n\n\n<div class=\"wp-block-file\"><a id=\"wp-block-file--media-77f03537-6c3d-4565-a9fd-347d85c1e2bc\" href=\"https:\/\/viennabase.at\/wp-content\/uploads\/2020\/08\/Brandschutzordnung_Viennabase22.pdf\">Fire protection regulations_Viennabase22<\/a><a href=\"https:\/\/viennabase.at\/wp-content\/uploads\/2020\/08\/Brandschutzordnung_Viennabase22.pdf\" class=\"wp-block-file__button wp-element-button\" download aria-describedby=\"wp-block-file--media-77f03537-6c3d-4565-a9fd-347d85c1e2bc\">Download<\/a><\/div>\n\n\n\n<div class=\"wp-block-file\"><a id=\"wp-block-file--media-604f8984-7bd6-4a36-9932-0098b7efa739\" href=\"https:\/\/viennabase.at\/wp-content\/uploads\/2020\/08\/Brandschutzordnung_Viennabasedonau.pdf\">Fire protection regulations_Viennabasedonau<\/a><a href=\"https:\/\/viennabase.at\/wp-content\/uploads\/2020\/08\/Brandschutzordnung_Viennabasedonau.pdf\" class=\"wp-block-file__button wp-element-button\" download aria-describedby=\"wp-block-file--media-604f8984-7bd6-4a36-9932-0098b7efa739\">Download<\/a><\/div>\n<\/div>\n\n\n\n<div class=\"wp-block-column is-layout-flow wp-block-column-is-layout-flow\">\n<div class=\"wp-block-file\"><a id=\"wp-block-file--media-35d77e48-9ddb-4ce6-b439-9d54cb9d0be0\" href=\"https:\/\/viennabase.at\/wp-content\/uploads\/2020\/08\/Fire-safety-regulations_Viennabase11.pdf\">Fire safety regulations_Viennabase11<\/a><a href=\"https:\/\/viennabase.at\/wp-content\/uploads\/2020\/08\/Fire-safety-regulations_Viennabase11.pdf\" class=\"wp-block-file__button wp-element-button\" download aria-describedby=\"wp-block-file--media-35d77e48-9ddb-4ce6-b439-9d54cb9d0be0\">Download<\/a><\/div>\n\n\n\n<div class=\"wp-block-file\"><a id=\"wp-block-file--media-a1aa6768-3748-413c-b8de-e7028ab91e11\" href=\"https:\/\/viennabase.at\/wp-content\/uploads\/2020\/08\/Fire-safety-regulations_Viennabase19.pdf\">Fire safety regulations_Viennabase19<\/a><a href=\"https:\/\/viennabase.at\/wp-content\/uploads\/2020\/08\/Fire-safety-regulations_Viennabase19.pdf\" class=\"wp-block-file__button wp-element-button\" download aria-describedby=\"wp-block-file--media-a1aa6768-3748-413c-b8de-e7028ab91e11\">Download<\/a><\/div>\n\n\n\n<div class=\"wp-block-file\"><a id=\"wp-block-file--media-596df490-3332-4641-af25-e4605495f938\" href=\"https:\/\/viennabase.at\/wp-content\/uploads\/2020\/08\/Fire-safety-regulations_Viennabase22.pdf\">Fire safety regulations_Viennabase22<\/a><a href=\"https:\/\/viennabase.at\/wp-content\/uploads\/2020\/08\/Fire-safety-regulations_Viennabase22.pdf\" class=\"wp-block-file__button wp-element-button\" download aria-describedby=\"wp-block-file--media-596df490-3332-4641-af25-e4605495f938\">Download<\/a><\/div>\n\n\n\n<div class=\"wp-block-file\"><a id=\"wp-block-file--media-149f2e57-6d86-40cc-93bd-dd760e0c9bb8\" href=\"https:\/\/viennabase.at\/wp-content\/uploads\/2020\/08\/Fire-safety-regulations_Viennabasedonau.pdf\">Fire safety regulations_Viennabasedonau<\/a><a href=\"https:\/\/viennabase.at\/wp-content\/uploads\/2020\/08\/Fire-safety-regulations_Viennabasedonau.pdf\" class=\"wp-block-file__button wp-element-button\" download aria-describedby=\"wp-block-file--media-149f2e57-6d86-40cc-93bd-dd760e0c9bb8\">Download<\/a><\/div>\n<\/div>\n<\/div>\n\n\n\n<div class=\"wp-block-columns is-layout-flex wp-container-core-columns-is-layout-9d6595d7 wp-block-columns-is-layout-flex\">\n<div class=\"wp-block-column is-layout-flow wp-block-column-is-layout-flow\">\n<p><strong>A1 parcel station<\/strong><\/p>\n<\/div>\n\n\n\n<div class=\"wp-block-column is-layout-flow wp-block-column-is-layout-flow\">\n<p><strong>A1 parcel station<\/strong><\/p>\n<\/div>\n<\/div>\n\n\n\n<div class=\"wp-block-columns is-layout-flex wp-container-core-columns-is-layout-9d6595d7 wp-block-columns-is-layout-flex\">\n<div class=\"wp-block-column is-layout-flow wp-block-column-is-layout-flow\">\n<div class=\"wp-block-columns is-layout-flex wp-container-core-columns-is-layout-9d6595d7 wp-block-columns-is-layout-flex\">\n<div class=\"wp-block-column is-layout-flow wp-block-column-is-layout-flow\">\n<div class=\"wp-block-file\"><a id=\"wp-block-file--media-b4713c07-7396-4efb-bd0c-9be1676b04fb\" href=\"https:\/\/viennabase.at\/wp-content\/uploads\/2021\/10\/Factsheet-Fachbuchung-uber-App-de.pdf\">Factsheet specialised booking via App de<\/a><a href=\"https:\/\/viennabase.at\/wp-content\/uploads\/2021\/10\/Factsheet-Fachbuchung-uber-App-de.pdf\" class=\"wp-block-file__button wp-element-button\" download aria-describedby=\"wp-block-file--media-b4713c07-7396-4efb-bd0c-9be1676b04fb\">Download<\/a><\/div>\n<\/div>\n\n\n\n<div class=\"wp-block-column is-layout-flow wp-block-column-is-layout-flow\"><\/div>\n<\/div>\n\n\n\n<p><strong>General Terms and Conditions<\/strong><\/p>\n<\/div>\n\n\n\n<div class=\"wp-block-column is-layout-flow wp-block-column-is-layout-flow\">\n<div class=\"wp-block-file\"><a id=\"wp-block-file--media-3fe14a41-fa2a-461c-b7dd-b04623e2e958\" href=\"https:\/\/viennabase.at\/wp-content\/uploads\/2021\/10\/Factsheet-Fachbuchung-uber-App-eng.pdf\">Factsheet specialised booking via app eng<\/a><a href=\"https:\/\/viennabase.at\/wp-content\/uploads\/2021\/10\/Factsheet-Fachbuchung-uber-App-eng.pdf\" class=\"wp-block-file__button wp-element-button\" download aria-describedby=\"wp-block-file--media-3fe14a41-fa2a-461c-b7dd-b04623e2e958\">Download<\/a><\/div>\n<\/div>\n<\/div>\n\n\n\n<div data-wp-interactive=\"core\/file\" class=\"wp-block-file\"><object data-wp-bind--hidden=\"!state.hasPdfPreview\" hidden class=\"wp-block-file__embed\" data=\"https:\/\/viennabase.at\/wp-content\/uploads\/2025\/02\/AGBs.pdf\" type=\"application\/pdf\" style=\"width:100%;height:600px\" aria-label=\"Embed of AGBs.\"><\/object><a id=\"wp-block-file--media-c4c1fe07-da44-424a-afdb-68b0a2a8a519\" href=\"https:\/\/viennabase.at\/wp-content\/uploads\/2025\/02\/AGBs.pdf\">GT&amp;C<\/a><a href=\"https:\/\/viennabase.at\/wp-content\/uploads\/2025\/02\/AGBs.pdf\" class=\"wp-block-file__button wp-element-button\" download aria-describedby=\"wp-block-file--media-c4c1fe07-da44-424a-afdb-68b0a2a8a519\">Download<\/a><\/div>\n\n\n\n<p><strong>Direct debit mandate<\/strong><\/p>\n\n\n\n<div class=\"wp-block-columns is-layout-flex wp-container-core-columns-is-layout-9d6595d7 wp-block-columns-is-layout-flex\">\n<div class=\"wp-block-column is-layout-flow wp-block-column-is-layout-flow\">\n<div data-wp-interactive=\"core\/file\" class=\"wp-block-file\"><object data-wp-bind--hidden=\"!state.hasPdfPreview\" hidden class=\"wp-block-file__embed\" data=\"https:\/\/viennabase.at\/wp-content\/uploads\/2023\/06\/SEPA-Mandat-D.pdf\" type=\"application\/pdf\" style=\"width:100%;height:600px\" aria-label=\"Embed of SEPA Mandat D.\"><\/object><a id=\"wp-block-file--media-32b0e5e0-c1db-430c-8b52-234ade58ca8e\" href=\"https:\/\/viennabase.at\/wp-content\/uploads\/2023\/06\/SEPA-Mandat-D.pdf\">SEPA Mandate D<\/a><a href=\"https:\/\/viennabase.at\/wp-content\/uploads\/2023\/06\/SEPA-Mandat-D.pdf\" class=\"wp-block-file__button wp-element-button\" download aria-describedby=\"wp-block-file--media-32b0e5e0-c1db-430c-8b52-234ade58ca8e\">Download<\/a><\/div>\n<\/div>\n\n\n\n<div class=\"wp-block-column is-layout-flow wp-block-column-is-layout-flow\">\n<div data-wp-interactive=\"core\/file\" class=\"wp-block-file\"><object data-wp-bind--hidden=\"!state.hasPdfPreview\" hidden class=\"wp-block-file__embed\" data=\"https:\/\/viennabase.at\/wp-content\/uploads\/2023\/06\/SEPA-Mandat-E.pdf\" type=\"application\/pdf\" style=\"width:100%;height:600px\" aria-label=\"Embed of SEPA Mandat E.\"><\/object><a id=\"wp-block-file--media-03cc4376-b761-4199-8eb0-20d73536a196\" href=\"https:\/\/viennabase.at\/wp-content\/uploads\/2023\/06\/SEPA-Mandat-E.pdf\">SEPA Mandate E<\/a><a href=\"https:\/\/viennabase.at\/wp-content\/uploads\/2023\/06\/SEPA-Mandat-E.pdf\" class=\"wp-block-file__button wp-element-button\" download aria-describedby=\"wp-block-file--media-03cc4376-b761-4199-8eb0-20d73536a196\">Download<\/a><\/div>\n<\/div>\n<\/div>\n\n\n\n<p><strong>Right to withdraw<\/strong><\/p>\n\n\n\n<div data-wp-interactive=\"core\/file\" class=\"wp-block-file\"><object data-wp-bind--hidden=\"!state.hasPdfPreview\" hidden class=\"wp-block-file__embed\" data=\"https:\/\/viennabase.at\/wp-content\/uploads\/2025\/01\/Ruecktrittsformular_FAGG.pdf\" type=\"application\/pdf\" style=\"width:100%;height:600px\" aria-label=\"Embed of Ruecktrittsformular_FAGG.\"><\/object><a id=\"wp-block-file--media-179191f8-d205-4c19-9a3a-2e9b56acaa30\" href=\"https:\/\/viennabase.at\/wp-content\/uploads\/2025\/01\/Ruecktrittsformular_FAGG.pdf\">Withdrawalform<\/a><a href=\"https:\/\/viennabase.at\/wp-content\/uploads\/2025\/01\/Ruecktrittsformular_FAGG.pdf\" class=\"wp-block-file__button wp-element-button\" download aria-describedby=\"wp-block-file--media-179191f8-d205-4c19-9a3a-2e9b56acaa30\">Download<\/a><\/div>","protected":false},"excerpt":{"rendered":"<p>Du hast Fragen zu deinem Zimmer, dem n\u00e4chsten Ben\u00fctzungsentgelt oder zu deinem Einzug\/Auszug? Dann wirf einen Blick auf unsere FAQs. Hier haben wir eure h\u00e4ufigsten Fragen einfach erkl\u00e4rt, so dass du auch in der Nacht oder am Wochenende rasch deine Antworten bekommst. Pers\u00f6nlich erreichbar an folgenden Tagen: Viennabase11 (Medwedweg 3, 1110 Wien)Dienstag 14-16 UhrMittwoch 11-13<\/p>","protected":false},"author":8,"featured_media":0,"parent":0,"menu_order":0,"comment_status":"closed","ping_status":"closed","template":"page-templates\/homebase-empty.php","meta":{"_bbp_topic_count":0,"_bbp_reply_count":0,"_bbp_total_topic_count":0,"_bbp_total_reply_count":0,"_bbp_voice_count":0,"_bbp_anonymous_reply_count":0,"_bbp_topic_count_hidden":0,"_bbp_reply_count_hidden":0,"_bbp_forum_subforum_count":0,"footnotes":""},"class_list":["post-79","page","type-page","status-publish","hentry"],"_links":{"self":[{"href":"https:\/\/viennabase.at\/en\/wp-json\/wp\/v2\/pages\/79","targetHints":{"allow":["GET"]}}],"collection":[{"href":"https:\/\/viennabase.at\/en\/wp-json\/wp\/v2\/pages"}],"about":[{"href":"https:\/\/viennabase.at\/en\/wp-json\/wp\/v2\/types\/page"}],"author":[{"embeddable":true,"href":"https:\/\/viennabase.at\/en\/wp-json\/wp\/v2\/users\/8"}],"replies":[{"embeddable":true,"href":"https:\/\/viennabase.at\/en\/wp-json\/wp\/v2\/comments?post=79"}],"version-history":[{"count":123,"href":"https:\/\/viennabase.at\/en\/wp-json\/wp\/v2\/pages\/79\/revisions"}],"predecessor-version":[{"id":5080,"href":"https:\/\/viennabase.at\/en\/wp-json\/wp\/v2\/pages\/79\/revisions\/5080"}],"wp:attachment":[{"href":"https:\/\/viennabase.at\/en\/wp-json\/wp\/v2\/media?parent=79"}],"curies":[{"name":"wp","href":"https:\/\/api.w.org\/{rel}","templated":true}]}}