{"id":48,"date":"2019-11-11T16:12:20","date_gmt":"2019-11-11T15:12:20","guid":{"rendered":"http:\/\/localhost\/basewp\/?page_id=48"},"modified":"2026-01-28T12:58:56","modified_gmt":"2026-01-28T11:58:56","slug":"gastplatz","status":"publish","type":"page","link":"https:\/\/viennabase.at\/en\/gastplatz\/","title":{"rendered":"Guest stay \/ Summer stay"},"content":{"rendered":"<p class=\"content-medium\">Our guest rooms provide a special solution to anyone needing temporary accommodation. Regardless of whether it\u2019s for work, college, an apprenticeship or an extended holiday in Vienna. All free rooms are available as guest rooms, mostly during the summer months. <\/p>\n\n\n\n<h3 class=\"wp-block-heading content-medium padding-top-50\">How do I get a guest room?<\/h3>\n\n\n\n<p class=\"content-medium padding-bottom-30\">Availability depends on the actual number of free rooms. Confirmation is therefore given at short notice. The duration of the contract is at least 1 month and ends no later than by the end of the academic year.<\/p>\n\n\n\n<p><\/p>\n\n\n\n<p class=\"content-medium padding-bottom-30\"><a href=\"https:\/\/myviennabase.viennabase.at\/\" data-type=\"link\" data-id=\"https:\/\/myviennabase.viennabase.at\/\" target=\"_blank\" rel=\"noreferrer noopener\">Apply here<\/a><\/p>\n\n\n\n<p class=\"content-medium padding-bottom-30\"><br><\/p>\n\n\n\n<p><\/p>","protected":false},"excerpt":{"rendered":"<p>Unsere Gastpl\u00e4tze sind ein spezielles Angebot f\u00fcr alle, die vor\u00fcbergehend eine Wohnm\u00f6glichkeit brauchen. Ob f\u00fcr einen Job, ein Kolleg, ein Praktikum oder einen l\u00e4ngeren Urlaub in Wien. Es stehen daf\u00fcr alle freien Zimmer &#8211; meist in den Sommermonaten &#8211; als Gastplatz zur Verf\u00fcgung. Wie komme ich zu einem Gastplatz? Die Vergabe selbst ist von den<\/p>","protected":false},"author":8,"featured_media":0,"parent":0,"menu_order":0,"comment_status":"closed","ping_status":"closed","template":"page-templates\/homebase-summer.php","meta":{"_bbp_topic_count":0,"_bbp_reply_count":0,"_bbp_total_topic_count":0,"_bbp_total_reply_count":0,"_bbp_voice_count":0,"_bbp_anonymous_reply_count":0,"_bbp_topic_count_hidden":0,"_bbp_reply_count_hidden":0,"_bbp_forum_subforum_count":0,"footnotes":""},"class_list":["post-48","page","type-page","status-publish","hentry"],"_links":{"self":[{"href":"https:\/\/viennabase.at\/en\/wp-json\/wp\/v2\/pages\/48","targetHints":{"allow":["GET"]}}],"collection":[{"href":"https:\/\/viennabase.at\/en\/wp-json\/wp\/v2\/pages"}],"about":[{"href":"https:\/\/viennabase.at\/en\/wp-json\/wp\/v2\/types\/page"}],"author":[{"embeddable":true,"href":"https:\/\/viennabase.at\/en\/wp-json\/wp\/v2\/users\/8"}],"replies":[{"embeddable":true,"href":"https:\/\/viennabase.at\/en\/wp-json\/wp\/v2\/comments?post=48"}],"version-history":[{"count":36,"href":"https:\/\/viennabase.at\/en\/wp-json\/wp\/v2\/pages\/48\/revisions"}],"predecessor-version":[{"id":5059,"href":"https:\/\/viennabase.at\/en\/wp-json\/wp\/v2\/pages\/48\/revisions\/5059"}],"wp:attachment":[{"href":"https:\/\/viennabase.at\/en\/wp-json\/wp\/v2\/media?parent=48"}],"curies":[{"name":"wp","href":"https:\/\/api.w.org\/{rel}","templated":true}]}}