{"id":4342,"date":"2023-11-27T15:41:32","date_gmt":"2023-11-27T14:41:32","guid":{"rendered":"https:\/\/viennabase.at\/?page_id=4342"},"modified":"2023-12-04T09:56:17","modified_gmt":"2023-12-04T08:56:17","slug":"partner-werden","status":"publish","type":"page","link":"https:\/\/viennabase.at\/en\/partner-werden\/","title":{"rendered":""},"content":{"rendered":"<h1 class=\"content\">\n<span class=\"pre\">27. November 2023<\/span>\nOpportunities of co-operation\n<\/h1>\n\n\n\n<p>We are passionate about affordable student living. The City of Vienna built our first international student residence 60 years ago and it was innovative in many ways. We were one of the first to put affordability at the centre of student living, no matter where people come from.<\/p>\n\n\n\n<figure class=\"wp-block-image aligncenter size-large is-resized padding-top-40 -50 -70 -90 -100 -110\" style=\"margin:0 auto;\"><img decoding=\"async\" src=\"https:\/\/viennabase.at\/wp-content\/uploads\/2023\/11\/Partner-werden_credit_jacoblund.jpg\" alt=\"\" class=\"wp-image-4224\" style=\"aspect-ratio:1.3333333333333333;width:530px;height:auto;padding-bottom:3em;margin:0 auto;\"\/><\/figure>\n\n\n\n<p>Since then, we have hosted around 30,000 young people from over 100 nations and the popularity is still huge. Affordable housing is the core of our brand today, as it was 60 years ago, and enables young people to live a self-determined life.<\/p>\n&nbsp;\n<p><b>Become part of our community. <\/b><\/p>\n\n\n\n<style>\n.main{\n  max-width: 100%;\n  margin: 0 auto;\n  padding-top: 50px;\n}\n\n.cards {\n  list-style: none;\n  margin: 0;\n  padding: 0;\n}\n\n.cards_item {\n  display: flex;\n  padding: 1em 0;\n}\n\n.card {\n  background-color: white;\n  display: flex;\n  overflow: hidden;\n}\n\n@media only screen and (max-width: 576px) {\n  .card {\n    flex-direction: column;\n  }\n}\n\n.card_image img{\n  width: 400px;\n  height: 270px;\n  object-fit: cover;\n}\n\n@media only screen and (max-width: 576px) {\n  .card_image img {\n    max-width: 100%;\n    width: 100%;\n    height: 100%;\n    max-height: 200px;\n  }\n}\n\n.card_content {\n  padding: 0 1rem 1rem 1rem;\n}\n\n.card_title {\n  color: #E43236;\n  font-size: 35px;\n  font-weight: 700;\n  letter-spacing: 1px;\n  margin: 0px;\n}\n\n.card_subtitle {\n  padding-bottom: 1em;\n  font-size: 25px;\n  font-weight: 700;\n}\n\n.card_text {\n  color: black;\n  margin-bottom: 1.25rem;    \n  font-weight: 400;\n}\n<\/style>\n\n<div class=\"main\">\n  <ul class=\"cards\">\n    <li class=\"cards_item\">\n      <div class=\"card\">\n        <div class=\"card_image\"><img decoding=\"async\" src=\"https:\/\/viennabase.at\/wp-content\/uploads\/2023\/11\/Sponsoring_credit_sturti.jpg\"><\/div>\n        <div class=\"card_content\">\n          <h3 class=\"card_title\">Sponsoring<\/h3>\n\t\t  <h4 class=\"card_subtitle\">Product and brand placement<\/h4>\n          <p class=\"card_text\">Become part of the Viennabase world of benefits and place your products or services with students with an exclusive incentive. Or present your brand or product in the form of a sampling at our in-house events or in your own event.<\/p>\n        <\/div>\n      <\/div>\n    <\/li>\n    <li class=\"cards_item\">\n      <div class=\"card\">\n        <div class=\"card_image\"><img decoding=\"async\" src=\"https:\/\/viennabase.at\/wp-content\/uploads\/2023\/11\/Recruiting_credit_georgeclerk.jpg\"><\/div>\n        <div class=\"card_content\">\n          <h3 class=\"card_title\">Recruiting<\/h3>\n\t\t  <h4 class=\"card_subtitle\">Target group students<\/h4>\n          <p class=\"card_text\">Are you looking for talented specialists, part-time employees or temporary staff in the student target group? Then benefit from our international group of students from a wide range of study programmes. <\/p>         \n      <\/div>\n    <\/li>\n    <li class=\"cards_item\">\n      <div class=\"card\">\n        <div class=\"card_image\"><img decoding=\"async\" src=\"https:\/\/viennabase.at\/wp-content\/uploads\/2023\/11\/Unterbringung_credit_Dejan_Dundjerski.jpg\"><\/div>\n        <div class=\"card_content\">\n          <h3 class=\"card_title\">Accommodation<\/h3>\n\t\t  <h4 class=\"card_subtitle\">Guest places<\/h4>\n          <p class=\"card_text\">Would you like to provide your student interns with accommodation? Please contact us for guest accommodation for the summer months. <\/p>\n        <\/div>\n      <\/div>\n    <\/li>\n  <\/ul>\n<\/div>\n\n\n\n&nbsp;\n\n\n\n<p class=\"padding-top-50\" style=\"font-size:25px;\"><strong>Have we piqued your interest?<\/strong><\/p>\n\n\n\n<p>Then get in touch with us at <em><a href=\"mailto:&#x70;&#x61;&#x72;&#x74;&#x6e;&#x65;&#x72;&#x40;&#x76;&#x69;&#x65;&#x6e;&#x6e;&#x61;&#x62;&#x61;&#x73;&#x65;&#x2e;&#x61;&#x74;\">partner@viennabase.at<\/a> <\/em>to talk about joint ideas and initiatives.<\/p>\n\n\n\n<p><strong>We look forward to hearing\nfrom you!<\/strong><\/p>","protected":false},"excerpt":{"rendered":"<p>27. November 2023 M\u00f6glichkeiten der Kooperation Wir haben eine gro\u00dfe Leidenschaft f\u00fcr leistbares studentisches Wohnen. Vor 60 Jahren baute die Stadt Wien unser erstes internationales Studierendenwohnheim und es war in vielerlei Hinsicht innovativ. Wir geh\u00f6rten zu den Ersten, die die Leistbarkeit in den Mittelpunkt des studentischen Wohnens stellten, unabh\u00e4ngig davon, woher jemand kommt. Seit damals<\/p>","protected":false},"author":8,"featured_media":0,"parent":0,"menu_order":0,"comment_status":"closed","ping_status":"closed","template":"page-templates\/homebase-empty.php","meta":{"_bbp_topic_count":0,"_bbp_reply_count":0,"_bbp_total_topic_count":0,"_bbp_total_reply_count":0,"_bbp_voice_count":0,"_bbp_anonymous_reply_count":0,"_bbp_topic_count_hidden":0,"_bbp_reply_count_hidden":0,"_bbp_forum_subforum_count":0,"footnotes":""},"class_list":["post-4342","page","type-page","status-publish","hentry"],"_links":{"self":[{"href":"https:\/\/viennabase.at\/en\/wp-json\/wp\/v2\/pages\/4342","targetHints":{"allow":["GET"]}}],"collection":[{"href":"https:\/\/viennabase.at\/en\/wp-json\/wp\/v2\/pages"}],"about":[{"href":"https:\/\/viennabase.at\/en\/wp-json\/wp\/v2\/types\/page"}],"author":[{"embeddable":true,"href":"https:\/\/viennabase.at\/en\/wp-json\/wp\/v2\/users\/8"}],"replies":[{"embeddable":true,"href":"https:\/\/viennabase.at\/en\/wp-json\/wp\/v2\/comments?post=4342"}],"version-history":[{"count":8,"href":"https:\/\/viennabase.at\/en\/wp-json\/wp\/v2\/pages\/4342\/revisions"}],"predecessor-version":[{"id":4391,"href":"https:\/\/viennabase.at\/en\/wp-json\/wp\/v2\/pages\/4342\/revisions\/4391"}],"wp:attachment":[{"href":"https:\/\/viennabase.at\/en\/wp-json\/wp\/v2\/media?parent=4342"}],"curies":[{"name":"wp","href":"https:\/\/api.w.org\/{rel}","templated":true}]}}