{"id":2823,"date":"2021-11-24T13:58:59","date_gmt":"2021-11-24T12:58:59","guid":{"rendered":"https:\/\/viennabase.at\/?page_id=2823"},"modified":"2026-02-02T10:17:06","modified_gmt":"2026-02-02T09:17:06","slug":"registrierung-2","status":"publish","type":"page","link":"https:\/\/viennabase.at\/en\/registrierung-2\/","title":{"rendered":"Registrierung"},"content":{"rendered":"<h3 class=\"has-text-align-center content-medium\">How can I apply for a room at Viennabase?<\/h3><br>\n\n\n\n<p class=\"has-text-align-center content-medium padding-bottom-50\">You are an official enrolled student at a university or college in Vienna? Then you\u2019ve come to the right place! <br><br>Our student dormitory rooms provide a special solution to anyone, who is studying in Vienna for at least one semester. Our accommodation agreements are generally issued for one academic year starting at the beginning of September and end at the end of August.<br><br>Please find more information under our <a href=\"https:\/\/viennabase.at\/en\/faq\/\" data-type=\"URL\" data-id=\"https:\/\/viennabase.at\/faq\/\">FAQs<\/a><\/p>\n\n\n\n<p class=\"has-text-align-center content-medium padding-bottom-50\"><strong>For your online application for a place in the student residence, please have the following documents ready:<\/strong><br>- valid passport (for minors: additionally, the passport of the legal guardian)<br>- current enrollment confirmation or proof of study (for school students: secondary school leaving certificate (Matura) or confirmation of school attendance)<br>- if applicable, confirmation of student financial aid or study grant<br>- payment method for the application fee: VISA\/Mastercard or PayPal login details<br><br>We are looking forward to your application!<\/p>\n\n\n\n<p><\/p>\n\n\n\n<div class=\"wp-block-buttons is-horizontal is-content-justification-center is-layout-flex wp-container-core-buttons-is-layout-499968f5 wp-block-buttons-is-layout-flex\">\n<div class=\"wp-block-button\"><a class=\"wp-block-button__link wp-element-button\" href=\"https:\/\/myviennabase.viennabase.at\/\" target=\"_blank\" rel=\"noreferrer noopener\">Apply now!<\/a><\/div>\n<\/div>\n\n\n\n<p><\/p>","protected":false},"excerpt":{"rendered":"<p>Wann komme ich f\u00fcr einen Studierendenheimplatz bei Viennabase in Frage? Du bist Student*in einer Wiener Universit\u00e4t oder Fachhochschule? Dann bist du bei uns genau richtig! Unsere Studierendenheimpl\u00e4tze sind ein spezielles Angebot f\u00fcr all jene, die f\u00fcr mindestens ein Semester in Wien studieren. Unsere Ben\u00fctzungsvertr\u00e4ge werden in der Regel ein Studienjahr ab Anfang September ausgestellt und<\/p>","protected":false},"author":8,"featured_media":0,"parent":0,"menu_order":0,"comment_status":"closed","ping_status":"closed","template":"page-templates\/homebase-search.php","meta":{"_bbp_topic_count":0,"_bbp_reply_count":0,"_bbp_total_topic_count":0,"_bbp_total_reply_count":0,"_bbp_voice_count":0,"_bbp_anonymous_reply_count":0,"_bbp_topic_count_hidden":0,"_bbp_reply_count_hidden":0,"_bbp_forum_subforum_count":0,"footnotes":""},"class_list":["post-2823","page","type-page","status-publish","hentry"],"_links":{"self":[{"href":"https:\/\/viennabase.at\/en\/wp-json\/wp\/v2\/pages\/2823","targetHints":{"allow":["GET"]}}],"collection":[{"href":"https:\/\/viennabase.at\/en\/wp-json\/wp\/v2\/pages"}],"about":[{"href":"https:\/\/viennabase.at\/en\/wp-json\/wp\/v2\/types\/page"}],"author":[{"embeddable":true,"href":"https:\/\/viennabase.at\/en\/wp-json\/wp\/v2\/users\/8"}],"replies":[{"embeddable":true,"href":"https:\/\/viennabase.at\/en\/wp-json\/wp\/v2\/comments?post=2823"}],"version-history":[{"count":17,"href":"https:\/\/viennabase.at\/en\/wp-json\/wp\/v2\/pages\/2823\/revisions"}],"predecessor-version":[{"id":5072,"href":"https:\/\/viennabase.at\/en\/wp-json\/wp\/v2\/pages\/2823\/revisions\/5072"}],"wp:attachment":[{"href":"https:\/\/viennabase.at\/en\/wp-json\/wp\/v2\/media?parent=2823"}],"curies":[{"name":"wp","href":"https:\/\/api.w.org\/{rel}","templated":true}]}}